{"id":19411,"date":"2026-01-26T10:59:09","date_gmt":"2026-01-26T10:59:09","guid":{"rendered":"https:\/\/smartup.network\/?page_id=19411"},"modified":"2026-01-28T12:28:37","modified_gmt":"2026-01-28T12:28:37","slug":"lets-talk","status":"publish","type":"page","link":"https:\/\/smartup.network\/tr\/lets-talk\/","title":{"rendered":"\u0130leti\u015fim"},"content":{"rendered":"<div class=\"wpb-content-wrapper\"><div data-vc-full-width=\"true\" data-vc-full-width-init=\"false\" data-vc-stretch-content=\"true\" class=\"vc_row wpb_row vc_row-fluid vc_custom_1769586175009 vc_row-no-padding\"><div class=\"wpb_column vc_column_container vc_col-sm-12\"><div class=\"vc_column-inner\"><div class=\"wpb_wrapper\"><div class=\"shortcode-banner\" style=\"min-height: 0px;background-image: url(https:\/\/smartup.network\/wp-content\/uploads\/2025\/03\/ssis.png)\"><div class=\"shortcode-banner-bg wf-table\" style=\"padding: 0px;min-height: 0px\"><div class=\"shortcode-banner-inside wf-table text-big\" style=\"background-color: rgb(0,0,0);background-color: rgba(0,0,0,0.4);border: solid 0px transparent;outline: solid 0px;outline-color: #ffffff;height: 0px\"><div><p class=\"selectable-text copyable-text x15bjb6t x1n2onr6 translation-block\" style=\"text-align: center;\"><span class=\"selectable-text copyable-text xkrh14z\" style=\"font-size: 18px\">\n  <span style=\"color: #00ff00\">\n    <span style=\"color: #ccffcc\">Smartup Network, 16 \u00fclkedeki giri\u015fimciler ve kurumsal inovasyon ekipleri i\u00e7in<\/span>\n  <\/span>\n  <span style=\"color: #ffffff\"> web ve mobil yaz\u0131l\u0131m \u00fcr\u00fcnleri geli\u015ftirmi\u015ftir.<\/span>\n<\/span><\/p>\n<p class=\"selectable-text copyable-text x15bjb6t x1n2onr6 translation-block\" style=\"text-align: center;\"><span class=\"selectable-text copyable-text xkrh14z\" style=\"font-size: 18px\">\n  <span style=\"color: #ffffff\">Fiyatland\u0131rma bilgileri i\u00e7in l\u00fctfen <\/span>\n  <a href=\"https:\/\/smartup.network\/tr\/plans\/\" target=\"_self\">\n    <span style=\"color: #3366ff\">planlar sayfam\u0131z\u0131<\/span>\n  <\/a>\n  <span style=\"color: #ffffff\"> inceleyin. Teknik \u00e7\u00f6z\u00fcm orta\u011f\u0131n\u0131z olmaktan memnuniyet duyar\u0131z.<\/span>\n<\/span><\/p>\n<\/div><\/div><\/div><\/div><div class=\"vc_empty_space\"   style=\"height: 32px\"><span class=\"vc_empty_space_inner\"><\/span><\/div><\/div><\/div><\/div><\/div><div class=\"vc_row-full-width vc_clearfix\"><\/div><div class=\"vc_row wpb_row vc_row-fluid\"><div class=\"wpb_column vc_column_container vc_col-sm-12\"><div class=\"vc_column-inner\"><div class=\"wpb_wrapper\">\n\t<div class=\"wpb_raw_code wpb_raw_html wpb_content_element\" >\n\t\t<div class=\"wpb_wrapper\">\n\t\t\t<section class=\"sn-contact-split\">\r\n  <div class=\"sn-split\">\r\n\r\n    <!-- LEFT \/ FORM -->\r\n    <div class=\"sn-left\">\r\n      <div class=\"sn-form-card\">\r\n\r\n        <!-- FORM HEADER -->\r\n        <div class=\"sn-form-header\">\r\n          <h3>Let\u2019s Get Started<\/h3>\r\n          <p>\r\n            With some basic information so we can get in touch with you<br>\r\n            as soon as possible.\r\n          <\/p>\r\n        <\/div>\r\n\r\n        <!-- FORM -->\r\n        <div class=\"sn-form\">\r\n          \n<div class=\"wpcf7 no-js\" id=\"wpcf7-f19463-o1\" lang=\"tr-TR\" dir=\"ltr\" data-wpcf7-id=\"19463\">\n<div class=\"screen-reader-response\"><p role=\"status\" aria-live=\"polite\" aria-atomic=\"true\"><\/p> <ul><\/ul><\/div>\n<form action=\"\/tr\/wp-json\/wp\/v2\/pages\/19411#wpcf7-f19463-o1\" method=\"post\" class=\"wpcf7-form init\" aria-label=\"\u0130leti\u015fim Formu\" novalidate=\"novalidate\" data-status=\"init\" data-trp-original-action=\"\/tr\/wp-json\/wp\/v2\/pages\/19411#wpcf7-f19463-o1\">\n<fieldset class=\"hidden-fields-container\"><input type=\"hidden\" name=\"_wpcf7\" value=\"19463\" \/><input type=\"hidden\" name=\"_wpcf7_version\" value=\"6.1.5\" \/><input type=\"hidden\" name=\"_wpcf7_locale\" value=\"tr_TR\" \/><input type=\"hidden\" name=\"_wpcf7_unit_tag\" value=\"wpcf7-f19463-o1\" \/><input type=\"hidden\" name=\"_wpcf7_container_post\" value=\"0\" \/><input type=\"hidden\" name=\"_wpcf7_posted_data_hash\" value=\"\" \/><input type=\"hidden\" name=\"_wpcf7_recaptcha_response\" value=\"\" \/>\n<\/fieldset>\n<p><span class=\"wpcf7-form-control-wrap\" data-name=\"your-name\"><input size=\"40\" maxlength=\"400\" class=\"wpcf7-form-control wpcf7-text wpcf7-validates-as-required\" aria-required=\"true\" aria-invalid=\"false\" placeholder=\"\u0130sminiz\" value=\"\" type=\"text\" name=\"your-name\" \/><\/span>\n<\/p>\n<p><span class=\"wpcf7-form-control-wrap\" data-name=\"your-email\"><input size=\"40\" maxlength=\"400\" class=\"wpcf7-form-control wpcf7-email wpcf7-validates-as-required wpcf7-text wpcf7-validates-as-email\" autocomplete=\"email\" aria-required=\"true\" aria-invalid=\"false\" placeholder=\"E-posta Adresiniz\" value=\"\" type=\"email\" name=\"your-email\" \/><\/span>\n<\/p>\n<p><label>Telefon Numaran\u0131z<\/label><br \/>\n<span class=\"wpcf7-form-control-wrap\" data-name=\"phone\"><input size=\"40\" maxlength=\"400\" class=\"wpcf7-form-control wpcf7-tel wpcf7-validates-as-required wpcf7-text wpcf7-validates-as-tel intl-phone\" aria-required=\"true\" aria-invalid=\"false\" placeholder=\"Telefon Numaran\u0131z\" value=\"\" type=\"tel\" name=\"phone\" \/><\/span>\n<\/p>\n<p><label>Hangisi sizi tan\u0131ml\u0131yor?<\/label><br \/>\n<span class=\"wpcf7-form-control-wrap\" data-name=\"startup-status\"><select class=\"wpcf7-form-control wpcf7-select wpcf7-validates-as-required\" aria-required=\"true\" aria-invalid=\"false\" name=\"startup-status\"><option value=\"\">L\u00fctfen birini se\u00e7iniz<\/option><option value=\"We have an idea and want to build an MVP.\">Bir fikrimiz var. MVP \u00e7\u0131karmak istiyoruz.<\/option><option value=\"We have an MVP and want to improve it.\">MVP \u00fcr\u00fcn\u00fcm\u00fcz var. Geli\u015ftirmek istiyoruz.<\/option><\/select><\/span>\n<\/p>\n<p><label>\u00dcr\u00fcn t\u00fcr\u00fcn\u00fcz nedir?<\/label><br \/>\n<span class=\"wpcf7-form-control-wrap\" data-name=\"product-type\"><select class=\"wpcf7-form-control wpcf7-select wpcf7-validates-as-required\" aria-required=\"true\" aria-invalid=\"false\" name=\"product-type\"><option value=\"\">L\u00fctfen birini se\u00e7iniz<\/option><option value=\"Mobile App\">Mobil Uygulama<\/option><option value=\"Website\">Web Sitesi<\/option><\/select><\/span>\n<\/p>\n<p><label>Neye ihtiyac\u0131n\u0131z var?<\/label><br \/>\n<span class=\"wpcf7-form-control-wrap\" data-name=\"needs\"><select class=\"wpcf7-form-control wpcf7-select wpcf7-validates-as-required\" aria-required=\"true\" aria-invalid=\"false\" name=\"needs\"><option value=\"\">L\u00fctfen birini se\u00e7iniz<\/option><option value=\"Software development service\">Yaz\u0131l\u0131m geli\u015ftirme hizmeti<\/option><option value=\"Investor matching\">Yat\u0131r\u0131mc\u0131larla e\u015fle\u015ftirme<\/option><\/select><\/span>\n<\/p>\n<p><label>Geli\u015ftirmek istedi\u011finiz \u00fcr\u00fcn\u00fc 2\u20133 c\u00fcmleyle anlatabilir misiniz?<\/label><br \/>\n<span class=\"wpcf7-form-control-wrap\" data-name=\"your-message\"><textarea cols=\"40\" rows=\"10\" maxlength=\"2000\" class=\"wpcf7-form-control wpcf7-textarea wpcf7-validates-as-required\" aria-required=\"true\" aria-invalid=\"false\" name=\"your-message\"><\/textarea><\/span>\n<\/p>\n<p><span class=\"wpcf7-form-control-wrap\" data-name=\"acceptance-803\"><span class=\"wpcf7-form-control wpcf7-acceptance\"><span class=\"wpcf7-list-item\"><label><input type=\"checkbox\" name=\"acceptance-803\" value=\"1\" aria-invalid=\"false\" \/><span class=\"wpcf7-list-item-label\">Okudum ve onayl\u0131yorum\n<a href=\"\/tr\/general-data-protection-regulation\/\" target=\"_blank\" rel=\"noopener noreferrer\">\nGDPR Ki\u015fisel Veri Koruma Kanunu\n<\/a><\/span><\/label><\/span><\/span><\/span>\n<\/p>\n<p><input class=\"wpcf7-form-control wpcf7-submit has-spinner\" type=\"submit\" value=\"\u015eimdi G\u00f6nder!\" \/>\n<\/p><div class=\"wpcf7-response-output\" aria-hidden=\"true\"><\/div>\n<input type=\"hidden\" name=\"trp-form-language\" value=\"tr\"\/><\/form>\n<\/div>\n\r\n        <\/div>\r\n\r\n      <\/div>\r\n    <\/div>\r\n\r\n    <!-- RIGHT -->\r\n    <div class=\"sn-right\">\r\n      <div class=\"sn-right-grid\">\r\n\r\n        <!-- HERO -->\r\n        <div class=\"sn-box\">\r\n          <h2 class=\"sn-hero-text\">\r\n            Next Successful Product will be Yours!\r\n          <\/h2>\r\n        <\/div>\r\n\r\n        <!-- MAP -->\r\n        <div class=\"sn-box\">\r\n          <img decoding=\"async\"\r\n            src=\"http:\/\/smartup.network\/wp-content\/uploads\/2026\/01\/Seffaf-Dunya.png\"\r\n            alt=\"Global Reach\"\r\n            class=\"sn-img sn-map\"\r\n          \/>\r\n        <\/div>\r\n\r\n        <!-- METRICS -->\r\n        <div class=\"sn-box sn-metrics-box\">\r\n          <div class=\"sn-metrics\">\r\n            <div class=\"sn-metric\"><strong>16<\/strong> \u00dclke<\/div>\r\n            <div class=\"sn-metric\"><strong>70<\/strong> Products<\/div>\r\n            <div class=\"sn-metric\"><strong>+1.000.000<\/strong> Kullan\u0131c\u0131<\/div>\r\n          <\/div>\r\n        <\/div>\r\n\r\n        <!-- TENITY -->\r\n        <div class=\"sn-box sn-tenity-box\">\r\n          <img decoding=\"async\"\r\n            src=\"http:\/\/smartup.network\/wp-content\/uploads\/2026\/01\/Tenity.png\"\r\n            alt=\"Tenity\"\r\n            class=\"sn-img sn-tenity\"\r\n          \/>\r\n        <\/div>\r\n\r\n        <!-- LOGOS -->\r\n        <div class=\"sn-box sn-logos-box\">\r\n          <div class=\"sn-logos\">\r\n            <img decoding=\"async\" src=\"http:\/\/smartup.network\/wp-content\/uploads\/2026\/01\/Eksim-Ventures.png\" alt=\"Eksim Ventures\">\r\n            <img decoding=\"async\" src=\"http:\/\/smartup.network\/wp-content\/uploads\/2026\/01\/Boston-New-Technology.png\" alt=\"Boston New Technology\">\r\n            <img decoding=\"async\" src=\"http:\/\/smartup.network\/wp-content\/uploads\/2026\/01\/Seedstars.png\" alt=\"Seedstars\">\r\n            <img decoding=\"async\" src=\"http:\/\/smartup.network\/wp-content\/uploads\/2026\/01\/Impact-Hub-Istanbul.png\" alt=\"Impact Hub Istanbul\">\r\n            <img decoding=\"async\" src=\"http:\/\/smartup.network\/wp-content\/uploads\/2026\/01\/Angels.png\" alt=\"Angels\">\r\n            <img decoding=\"async\" src=\"http:\/\/smartup.network\/wp-content\/uploads\/2026\/01\/Galata-Business.png\" alt=\"Galata Business\">\r\n          <\/div>\r\n        <\/div>\r\n\r\n      <\/div>\r\n    <\/div>\r\n\r\n  <\/div>\r\n<\/section>\r\n\r\n<style>\r\n\/* ===== LAYOUT ===== *\/\r\n\r\n.sn-split{\r\n  display:flex;\r\n  min-height:620px;\r\n}\r\n\r\n.sn-left,\r\n.sn-right{\r\n  flex:1 1 50%;\r\n}\r\n\r\n\/* ===== LEFT \/ FORM ===== *\/\r\n\r\n.sn-left{\r\n  padding:24px;\r\n  display:flex;\r\n  align-items:flex-start;\r\n}\r\n\r\n.sn-form-card{\r\n  width:100%;\r\n  max-width:520px;\r\n  padding:40px 36px;\r\n  background:#fff;\r\n  border:1.5px solid #29256222;\r\n  border-radius:20px;\r\n}\r\n\r\n\/* FORM HEADER *\/\r\n.sn-form-header{\r\n  text-align:center;\r\n  margin-bottom:32px;\r\n}\r\n\r\n.sn-form-header h3{\r\n  font-size:28px;\r\n  font-weight:700;\r\n  color:#292562;\r\n  margin-bottom:10px;\r\n  letter-spacing:.2px;\r\n}\r\n\r\n.sn-form-header p{\r\n  font-size:15px;\r\n  line-height:1.6;\r\n  color:#475569;\r\n  max-width:420px;\r\n  margin:0 auto;\r\n}\r\n\r\n\/* ===== RIGHT ===== *\/\r\n\r\n.sn-right{\r\n  padding-top:32px;\r\n}\r\n\r\n.sn-right-grid{\r\n  display:grid;\r\n  grid-template-rows:auto auto auto auto auto;\r\n  gap:14px;\r\n  padding:24px 36px;\r\n}\r\n\r\n.sn-box{\r\n  display:flex;\r\n  justify-content:center;\r\n  align-items:center;\r\n  text-align:center;\r\n}\r\n\r\n\/* HERO *\/\r\n.sn-hero-text{\r\n  font-size:25px;\r\n  font-weight:1000;\r\n  letter-spacing:.35px;\r\n  margin:0;\r\n}\r\n\r\n\/* MAP *\/\r\n.sn-map{\r\n  max-width:75%;\r\n}\r\n\r\n\/* ===== METRICS (\u00c7\u0130ZG\u0130 YOK \u00b7 SADECE G\u00d6LGE VURGU) ===== *\/\r\n\r\n.sn-metrics-box{\r\n  background:none;\r\n  padding:0;\r\n  border-radius:0;\r\n}\r\n\r\n.sn-metrics{\r\n  display:flex;\r\n  flex-direction:column;\r\n  gap:10px;\r\n  transform:translateY(-6px);\r\n}\r\n\r\n.sn-metric{\r\n  font-size:22px;\r\n  font-weight:650;\r\n  color:#0f172a;\r\n  padding-bottom:5px;\r\n  border-bottom:none; \/* \u274c \u00c7\u0130ZG\u0130 KALDIRILDI *\/\r\n  text-shadow:0 4px 12px rgba(15,23,42,.15);\r\n}\r\n\r\n.sn-metric strong{\r\n  font-size:26px;\r\n  font-weight:800;\r\n  margin-right:6px;\r\n}\r\n\r\n\/* ===== TENITY ===== *\/\r\n\r\n.sn-tenity-box{\r\n  min-height:150px;\r\n  margin-top:-8px;\r\n}\r\n\r\n.sn-tenity{\r\n  max-height:150px;\r\n  transition:transform .25s ease;\r\n}\r\n\r\n.sn-tenity:hover{\r\n  transform:scale(1.15);\r\n}\r\n\r\n\/* ===== LOGOS ===== *\/\r\n\r\n.sn-logos-box{\r\n  margin-top:-20px;\r\n}\r\n\r\n.sn-logos{\r\n  width:100%;\r\n  display:grid;\r\n  grid-template-columns:repeat(3,1fr);\r\n  gap:28px;\r\n}\r\n\r\n.sn-logos img{\r\n  max-height:130px;\r\n  object-fit:contain;\r\n  opacity:.9;\r\n  transition:transform .25s ease, opacity .25s ease;\r\n}\r\n\r\n.sn-logos img:hover{\r\n  transform:scale(1.08);\r\n  opacity:1;\r\n}\r\n\r\n\/* ===== MOBILE ===== *\/\r\n\r\n@media (max-width:900px){\r\n  .sn-split{\r\n    flex-direction:column;\r\n  }\r\n\r\n  .sn-right{\r\n    padding-top:0;\r\n  }\r\n\r\n  .sn-form-card{\r\n    max-width:100%;\r\n  }\r\n\r\n  .sn-hero-text{\r\n    font-size:28px;\r\n  }\r\n\r\n  .sn-map{\r\n    max-width:75%;\r\n  }\r\n\r\n  .sn-metrics{\r\n    transform:none;\r\n  }\r\n\r\n  .sn-tenity{\r\n    max-height:100px;\r\n  }\r\n\r\n  .sn-logos{\r\n    grid-template-columns:repeat(2,1fr);\r\n  }\r\n\r\n  .sn-logos img{\r\n    max-height:100px;\r\n  }\r\n}\r\n<\/style>\r\n\n\t\t<\/div>\n\t<\/div>\n<\/div><\/div><\/div><\/div><div class=\"vc_row wpb_row vc_row-fluid\"><div class=\"wpb_column vc_column_container vc_col-sm-12\"><div class=\"vc_column-inner\"><div class=\"wpb_wrapper\">\n\t<div class=\"wpb_raw_code wpb_raw_html wpb_content_element\" >\n\t\t<div class=\"wpb_wrapper\">\n\t\t\t<section class=\"sn-fw sn-section sn-testimonials\">\r\n  <div class=\"sn-fw-inner\">\r\n\r\n    <!-- HEADER -->\r\n    <div class=\"sn-header\">\r\n      <h2>Happy Entrepreneurs Recommend Smartup Network<\/h2>\r\n      <p>Insights from teams who have partnered with Smartup Network to build and scale digital products<\/p>\r\n    <\/div>\r\n\r\n    <!-- GRID -->\r\n    <div class=\"sn-testimonial-grid\">\r\n\r\n      <!-- 1 -->\r\n      <article class=\"sn-testimonial\">\r\n\r\n        <div class=\"sn-avatar-holder\">\r\n          <div class=\"sn-avatar\">\r\n            <img decoding=\"async\" src=\"http:\/\/smartup.network\/wp-content\/uploads\/2025\/11\/1-Ads\u0131z tasar\u0131m (1).png\" alt=\"Jill Schmitz\">\r\n          <\/div>\r\n        <\/div>\r\n\r\n        <p class=\"sn-quote-text\">\r\n          Smartup Network brought exceptional depth in artificial intelligence, delivering a solution\r\n          that not only addressed our immediate business needs but also established a strong and\r\n          scalable foundation for future innovation and growth.\r\n        <\/p>\r\n\r\n        <div class=\"sn-author-row\">\r\n          <div class=\"sn-author-text\">\r\n            <div class=\"sn-author-name\">Jill Schmitz<\/div>\r\n            <div class=\"sn-author-title\">Product Operations Manager<\/div>\r\n          <\/div>\r\n          <div class=\"sn-author-logo-wrap\">\r\n            <img decoding=\"async\" src=\"http:\/\/smartup.network\/wp-content\/uploads\/2026\/01\/4.png\" alt=\"FiscalNote\">\r\n          <\/div>\r\n        <\/div>\r\n\r\n      <\/article>\r\n\r\n      <!-- 2 -->\r\n      <article class=\"sn-testimonial\">\r\n\r\n        <div class=\"sn-avatar-holder\">\r\n          <div class=\"sn-avatar\">\r\n            <img decoding=\"async\" src=\"http:\/\/smartup.network\/wp-content\/uploads\/2026\/01\/Adsiz-tasarim-2.png\" alt=\"Harry Wilson Hallberg\">\r\n          <\/div>\r\n        <\/div>\r\n\r\n        <p class=\"sn-quote-text\">\r\n          Smartup Network stepped in at exactly the right moment to help us build and scale our product.\r\n          Their team provided the expertise and execution capability we needed to transform our vision\r\n          into a reliable, market-ready platform. Working with them was a seamless and highly valuable\r\n          experience.\r\n        <\/p>\r\n\r\n        <div class=\"sn-author-row\">\r\n          <div class=\"sn-author-text\">\r\n            <div class=\"sn-author-name\">Harry Wilson Hallberg<\/div>\r\n            <div class=\"sn-author-title\">Founder<\/div>\r\n          <\/div>\r\n          <div class=\"sn-author-logo-wrap\">\r\n            <img decoding=\"async\" src=\"http:\/\/smartup.network\/wp-content\/uploads\/2026\/01\/Logos-4.png\" alt=\"Flowspace\">\r\n          <\/div>\r\n        <\/div>\r\n\r\n      <\/article>\r\n\r\n      <!-- 3 -->\r\n      <article class=\"sn-testimonial\">\r\n\r\n        <div class=\"sn-avatar-holder\">\r\n          <div class=\"sn-avatar\">\r\n            <img decoding=\"async\" src=\"http:\/\/smartup.network\/wp-content\/uploads\/2026\/01\/greg_profile.jpg\" alt=\"Greg Alexander\">\r\n          <\/div>\r\n        <\/div>\r\n\r\n        <p class=\"sn-quote-text\">\r\n          By combining deep artificial intelligence expertise with strong project management,\r\n          Smartup Network delivered our MVP within the planned timeline. The outcome provided\r\n          a scalable technical foundation and enabled us to reach our target audience quickly\r\n          and effectively.\r\n        <\/p>\r\n\r\n        <div class=\"sn-author-row\">\r\n          <div class=\"sn-author-text\">\r\n            <div class=\"sn-author-name\">Greg Alexander<\/div>\r\n            <div class=\"sn-author-title\">VP of Engineering<\/div>\r\n          <\/div>\r\n          <div class=\"sn-author-logo-wrap\">\r\n            <img decoding=\"async\" src=\"http:\/\/smartup.network\/wp-content\/uploads\/2026\/01\/4.png\" alt=\"FiscalNote\">\r\n          <\/div>\r\n        <\/div>\r\n\r\n      <\/article>\r\n\r\n    <\/div>\r\n  <\/div>\r\n<\/section>\r\n\r\n<style>\r\n\/* FULL WIDTH *\/\r\n.sn-fw{\r\n  width:100vw;\r\n  margin-left:calc(50% - 50vw);\r\n}\r\n\r\n.sn-fw-inner{\r\n  max-width:1400px;\r\n  margin:0 auto;\r\n  padding:0 clamp(20px,3vw,48px);\r\n  font-family:ui-sans-serif,system-ui,-apple-system,BlinkMacSystemFont;\r\n}\r\n\r\n.sn-section.sn-testimonials{\r\n  padding:clamp(64px,7vw,110px) 0;\r\n  background:linear-gradient(\r\n    to bottom,\r\n    #ffffff 0%,\r\n    #f6f7fb 40%,\r\n    rgba(40,32,96,.12) 100%\r\n  );\r\n}\r\n\r\n\/* HEADER *\/\r\n.sn-header{\r\n  text-align:center;\r\n  max-width:820px;\r\n  margin:0 auto 64px;\r\n}\r\n\r\n.sn-header h2{\r\n  font-size:clamp(28px,3.2vw,36px);\r\n  font-weight:700;\r\n  letter-spacing:.2px;\r\n  margin-bottom:14px;\r\n}\r\n\r\n.sn-header p{\r\n  font-size:16px;\r\n  color:#475569;\r\n}\r\n\r\n\/* GRID *\/\r\n.sn-testimonial-grid{\r\n  display:grid;\r\n  grid-template-columns:repeat(3,1fr);\r\n  gap:36px;\r\n}\r\n\r\n\/* CARD *\/\r\n.sn-testimonial{\r\n  background:#fff;\r\n  border:1px solid rgba(15,23,42,.08);\r\n  border-radius:28px;\r\n  padding:26px 26px 24px;\r\n  box-shadow:0 22px 54px rgba(2,6,23,.10);\r\n  display:flex;\r\n  flex-direction:column;\r\n}\r\n\r\n\/* AVATAR *\/\r\n.sn-avatar-holder{\r\n  display:flex;\r\n  justify-content:center;\r\n  margin-top:-48px;\r\n  margin-bottom:18px;\r\n}\r\n\r\n.sn-avatar{\r\n  width:96px;\r\n  height:96px;\r\n  border-radius:24px;\r\n  overflow:hidden;\r\n  background:#fff;\r\n  border:1px solid rgba(15,23,42,.12);\r\n  box-shadow:0 18px 36px rgba(2,6,23,.18);\r\n}\r\n\r\n.sn-avatar img{\r\n  width:100%;\r\n  height:100%;\r\n  object-fit:cover;\r\n}\r\n\r\n\/* TEXT *\/\r\n.sn-quote-text{\r\n  font-size:16px;\r\n  line-height:1.8;\r\n  color:#334155;\r\n  margin-bottom:28px;\r\n}\r\n\r\n\/* AUTHOR *\/\r\n.sn-author-row{\r\n  margin-top:auto;\r\n  padding-top:18px;\r\n  border-top:1px solid rgba(15,23,42,.08);\r\n  display:flex;\r\n  align-items:center;\r\n  justify-content:space-between;\r\n  gap:16px;\r\n}\r\n\r\n.sn-author-name{\r\n  font-size:15px;\r\n  font-weight:600;\r\n  color:#0f172a;\r\n}\r\n\r\n.sn-author-title{\r\n  font-size:13px;\r\n  color:#475569;\r\n  margin-top:6px;\r\n}\r\n\r\n.sn-author-logo-wrap img{\r\n  height:26px;\r\n  opacity:.9;\r\n}\r\n\r\n\/* RESPONSIVE *\/\r\n@media(max-width:1100px){\r\n  .sn-testimonial-grid{\r\n    grid-template-columns:1fr 1fr;\r\n  }\r\n}\r\n\r\n@media(max-width:720px){\r\n  .sn-testimonial-grid{\r\n    grid-template-columns:1fr;\r\n  }\r\n\r\n  .sn-avatar{\r\n    width:72px;\r\n    height:72px;\r\n    border-radius:18px;\r\n  }\r\n\r\n  .sn-avatar-holder{\r\n    margin-top:-36px;\r\n  }\r\n}\r\n<\/style>\r\n\n\t\t<\/div>\n\t<\/div>\n<\/div><\/div><\/div><\/div>\n<\/div>","protected":false},"excerpt":{"rendered":"<p>Let\u2019s Get Started With some basic information so we can get in touch with you as soon as possible. Phone Number Which one describes you best? Please select an optionWe have an idea and want to build an MVP.We have an MVP and want to improve it. What type of product do you want to&hellip;<\/p>","protected":false},"author":1,"featured_media":0,"parent":0,"menu_order":0,"comment_status":"closed","ping_status":"closed","template":"","meta":{"content-type":"","footnotes":""},"class_list":["post-19411","page","type-page","status-publish","hentry","description-off"],"_links":{"self":[{"href":"https:\/\/smartup.network\/tr\/wp-json\/wp\/v2\/pages\/19411","targetHints":{"allow":["GET"]}}],"collection":[{"href":"https:\/\/smartup.network\/tr\/wp-json\/wp\/v2\/pages"}],"about":[{"href":"https:\/\/smartup.network\/tr\/wp-json\/wp\/v2\/types\/page"}],"author":[{"embeddable":true,"href":"https:\/\/smartup.network\/tr\/wp-json\/wp\/v2\/users\/1"}],"replies":[{"embeddable":true,"href":"https:\/\/smartup.network\/tr\/wp-json\/wp\/v2\/comments?post=19411"}],"version-history":[{"count":0,"href":"https:\/\/smartup.network\/tr\/wp-json\/wp\/v2\/pages\/19411\/revisions"}],"wp:attachment":[{"href":"https:\/\/smartup.network\/tr\/wp-json\/wp\/v2\/media?parent=19411"}],"curies":[{"name":"wp","href":"https:\/\/api.w.org\/{rel}","templated":true}]}}